{"id":291,"date":"2013-07-18T12:29:51","date_gmt":"2013-07-18T10:29:51","guid":{"rendered":"http:\/\/genhil.nl\/?page_id=291"},"modified":"2020-12-03T17:51:37","modified_gmt":"2020-12-03T16:51:37","slug":"anti-burnout-cursus","status":"publish","type":"page","link":"https:\/\/genhil.nl\/en\/cursussen\/anti-burnout-cursus\/","title":{"rendered":"anti burnout cursus"},"content":{"rendered":"<p><span style=\"color: #cc3399;\">ANTI BURNOUT CURSUS<\/span><br \/>\n<span style=\"color: #cc3399;\">Genhil heeft op basis van jarenlange ervaring met werken met mensen in een burnout een <\/span><br \/>\n<span style=\"color: #cc3399;\">ANTI BURNOUT CURSUS (ABC) ontwikkeld.<\/span><br \/>\n<span style=\"color: #cc3399;\">Een burnout komt niet zomaar uit de lucht vallen maar sluipt er langzaam in. Een burnout komt ook niet alleen maar door hard werken. Er zijn vaak meerdere faktoren, die een rol spelen bij het ontstaan van een burnout. Als een werkne(e)m(st)er in een burnout terecht komt kost dat veel geld voor de werkgever en het is een ellende voor de werkne(e)m(st)er en kan een langerdurende werkverzuim inhouden.<\/span><br \/>\n<span style=\"color: #cc3399;\">De ABC heeft als doel een burnout te voorkomen. De cursus is erop gericht inzicht te krijgen in het funktioneren op het werk w.b. de factoren die van invloed kunnen zijn op evt. het krijgen van een burnout. <\/span><br \/>\n<span style=\"color: #cc3399;\">De volgende factoren geven we aandacht aan:<\/span><br \/>\n<span style=\"color: #cc3399;\">&#8211; algemene factoren<\/span><br \/>\n<span style=\"color: #cc3399;\">&#8211; werkfactoren<\/span><br \/>\n<span style=\"color: #cc3399;\">&#8211; priv\u00e9factoren<\/span><br \/>\n<span style=\"color: #cc3399;\">&#8211; individuele factoren<\/span><br \/>\n<span style=\"color: #cc3399;\">De algemene factoren worden in de groep plenair besproken. De werk, priv\u00e9 en individuele factoren komen in subgroepen aan de orde.<\/span><\/p>\n<p><span style=\"color: #cc3399;\">Algemene factoren zijn: wat is een burnout, hoe herken je deze, wat zijn de symptomen, wie kan het krijgen, wat geldt voor iedereen om een burnout te voorkomen.<\/span><br \/>\n<span style=\"color: #cc3399;\">Werkfactoren zijn: werkgerelateerd, zoals werkdruk, over- en onder-belasting, efficientie van werk, verandering van werk\/werkplek\/leinggevende, organisatie, pauzes, collega\u00b4s, werkomgeving, moderne media, sfeer e.d.<\/span><br \/>\n<span style=\"color: #cc3399;\">Priv\u00e9factoren zijn: het gezin, ziekte, kinderen, overlijden, relatie, de sociale omgeving e.d.<\/span><br \/>\n<span style=\"color: #cc3399;\">Individuele factoren: karakter, perfektionisme, welk streefnivo, lichamelijke gesteldheid, sport, spanningsafbouw, ziekte\/handicap, werk\/levensstijl, concentratie,psychische gesteldheid e.d.<\/span><br \/>\n<span style=\"color: #cc3399;\">De cursus houdt zich, daar waar nodig, met de theorie bezig en meer ook niet. <\/span><br \/>\n<span style=\"color: #cc3399;\">Dan gaat het erom concreet te krijgen wat er bij de cursisten leeft. De benadering(aanpak) is concreet. D.w.z. concrete: oefeningen,concrete verandergedachten,concrete verander gedrag, concrete tips, instelling etc. met de bedoeling anders om te gaan met die negatieve (stress)factoren die van invloed kunnen zijn op een burnout. (door deze te veranderen, te verbeteren, weg te nemen etc.)<\/span><br \/>\n<span style=\"color: #cc3399;\">De oefeningen zijn dusdanig dat die direkt in de dagelijkse praktijk uitgevoerd kunnen worden. Tijdens de cursus kunnen ze al direct worden ervaren. Ze zijn handzaam en altijd toe te passen. En ze zijn efficient en leiden ook nog tot een efficientere wijze van werken. Deste minder stress of spanning iemand ervaart, deste beter funktioneert diegene.<\/span><br \/>\n<span style=\"color: #cc3399;\">De cursus beslaat \u00e9\u00e9n, twee, of drie dagen. Als meerdere dagen dan met een tussenperiode van 4 \u00e1 5 weken. <\/span><br \/>\n<span style=\"color: #cc3399;\">Aangeraden wordt altijd ook een follow up dag te boeken na 5 \u00e1 6 weken.<\/span><br \/>\n<span style=\"color: #cc3399;\">Het aantal cursisten is 3 \u00e1 12 per cursus. Tot en met 6 cursisten worden door \u00e9\u00e9n psycholoog begeleid. Tot en met 12 cursisten worden door twee psychologen begeleid.<\/span><br \/>\n<span style=\"color: #cc3399;\">De cursus loopt van 8.30 uur tot ong. 17.00 uur. We starten met koffie of thee en om ong. 12.30 uur hebben we een goed verzorgde, lekkere lunch. De dag wordt afgesloten met koffie\/thee of iets anders.<\/span><br \/>\n<span style=\"color: #cc3399;\">De cursus vindt plaats in een eeuwenoude voormalige boerderij. Het plenaire gedeelte speelt zich af in de melkkamer of op de vroegere deel. De lunch vindt plaats op een gedeelte van de deel met een oude bentheimer zandstenenvloer en een eeuwenoude balkenplafond en oude rookkast.<\/span><br \/>\n<span style=\"color: #cc3399;\">Alleen de rust op het oude erve doet iedereen al goed en dat is al een reden waarom we de cursus niet elders gegeven. Bij goed weer wordt de cursus geheel of gedeeltelijk buiten gehouden.<\/span><br \/>\n<span style=\"color: #cc3399;\">De privacy van de cursisten wordt gewaarborgd.<\/span><br \/>\n<span style=\"color: #cc3399;\">Als werkgever kan het in uw interesse zijn, uw voordeel te doen uit de bevindingen van de cursusleiders. Bijv. aanbevelingen t.a.v. werk en omstandigheden, organisatie, inrichtingwerkplek etc. Deze zijn we graag bereid u te doen toekomen. Echter dit dient vooraf duidelijk te zijn voor de cursisten en dat ze er mee instemmen. Privacy gevoeligheden kunnen dan worden uitgesloten van een rapportage.<\/span><br \/>\n<span style=\"color: #cc3399;\">Wilt u meer informatie over de cursus of wilt u weten wat de kosten zijn, neemt u dan vrijblijvend kontakt met ons op. De kosten zijn in vergelijk met kosten van uitval van een werknemer miniem.<\/span><br \/>\n<span style=\"color: #cc3399;\">Bij boekingen van meerdere dagen hanteren we een korting, omdat wij en u minder werk hebben.<\/span><\/p>\n<p><span style=\"color: #cc3399;\">\u00a0<\/span><\/p>\n<p><span style=\"color: #cc3399;\"><a style=\"color: #cc3399;\" href=\"http:\/\/genhil.nl\/deutsch\/\">Deutsch<\/a><\/span><\/p>\n","protected":false},"excerpt":{"rendered":"<p>ANTI BURNOUT CURSUS Genhil heeft op basis van jarenlange ervaring met werken met mensen in een burnout een ANTI BURNOUT CURSUS (ABC) ontwikkeld. Een burnout komt niet zomaar uit de lucht vallen maar sluipt er langzaam in. Een burnout komt &hellip; <a href=\"https:\/\/genhil.nl\/en\/cursussen\/anti-burnout-cursus\/\">Continue reading <span class=\"meta-nav\">&rarr;<\/span><\/a><\/p>\n","protected":false},"author":1,"featured_media":0,"parent":289,"menu_order":0,"comment_status":"closed","ping_status":"closed","template":"","meta":[],"_links":{"self":[{"href":"https:\/\/genhil.nl\/en\/wp-json\/wp\/v2\/pages\/291"}],"collection":[{"href":"https:\/\/genhil.nl\/en\/wp-json\/wp\/v2\/pages"}],"about":[{"href":"https:\/\/genhil.nl\/en\/wp-json\/wp\/v2\/types\/page"}],"author":[{"embeddable":true,"href":"https:\/\/genhil.nl\/en\/wp-json\/wp\/v2\/users\/1"}],"replies":[{"embeddable":true,"href":"https:\/\/genhil.nl\/en\/wp-json\/wp\/v2\/comments?post=291"}],"version-history":[{"count":6,"href":"https:\/\/genhil.nl\/en\/wp-json\/wp\/v2\/pages\/291\/revisions"}],"predecessor-version":[{"id":367,"href":"https:\/\/genhil.nl\/en\/wp-json\/wp\/v2\/pages\/291\/revisions\/367"}],"up":[{"embeddable":true,"href":"https:\/\/genhil.nl\/en\/wp-json\/wp\/v2\/pages\/289"}],"wp:attachment":[{"href":"https:\/\/genhil.nl\/en\/wp-json\/wp\/v2\/media?parent=291"}],"curies":[{"name":"wp","href":"https:\/\/api.w.org\/{rel}","templated":true}]}}